{"id":2,"date":"2018-08-15T15:48:15","date_gmt":"2018-08-15T15:48:15","guid":{"rendered":"https:\/\/sites.library.ualberta.ca\/copyright\/?page_id=2"},"modified":"2025-10-06T12:37:39","modified_gmt":"2025-10-06T19:37:39","slug":"sample-page","status":"publish","type":"page","link":"https:\/\/sites.library.ualberta.ca\/copyright\/","title":{"rendered":"Opening Up Copyright Instructional Modules"},"content":{"rendered":"<div class=\"wp-block-image\">\n<figure class=\"aligncenter size-full\"><img loading=\"lazy\" decoding=\"async\" width=\"1205\" height=\"299\" src=\"https:\/\/sites.library.ualberta.ca\/copyright\/wp-content\/uploads\/sites\/5\/2023\/09\/OER_WebBanner_UAlberta_Logo_2023-09-15.png\" alt=\"Opening up copyright banner image\" class=\"wp-image-763\" srcset=\"https:\/\/sites.library.ualberta.ca\/copyright\/wp-content\/uploads\/sites\/5\/2023\/09\/OER_WebBanner_UAlberta_Logo_2023-09-15.png 1205w, https:\/\/sites.library.ualberta.ca\/copyright\/wp-content\/uploads\/sites\/5\/2023\/09\/OER_WebBanner_UAlberta_Logo_2023-09-15-300x74.png 300w, https:\/\/sites.library.ualberta.ca\/copyright\/wp-content\/uploads\/sites\/5\/2023\/09\/OER_WebBanner_UAlberta_Logo_2023-09-15-1024x254.png 1024w, https:\/\/sites.library.ualberta.ca\/copyright\/wp-content\/uploads\/sites\/5\/2023\/09\/OER_WebBanner_UAlberta_Logo_2023-09-15-768x191.png 768w\" sizes=\"auto, (max-width: 1205px) 100vw, 1205px\" \/><\/figure>\n<\/div>\n\n\n<p><\/p>\n\n\n\n<p>These Opening Up Copyright (OUC) Instructional Modules are open educational resources.<\/p>\n\n\n\n<p>If you are new to OUC, please see our module <a href=\"https:\/\/sites.library.ualberta.ca\/copyright\/modules\/opening-up-copyright-ouc-an-introduction\/\">OUC: An Introduction<\/a>, and if you are interested in introductory modules, try <a href=\"https:\/\/sites.library.ualberta.ca\/copyright\/modules\/introduction-to-copyright\/\">Introduction to Copyright<\/a> and <a href=\"https:\/\/sites.library.ualberta.ca\/copyright\/modules\/working-with-copyright\/\">Working with Copyright<\/a>.&nbsp;<\/p>\n\n\n\n<h2 class=\"wp-block-heading\">Modules<\/h2>\n\n\n\n<div class=\"wp-block-columns is-layout-flex wp-container-core-columns-is-layout-9d6595d7 wp-block-columns-is-layout-flex\">\n<div class=\"wp-block-column is-layout-flow wp-block-column-is-layout-flow\">\n<div id=\"accordion\">\n\n <div class=\"card\">\n    <div class=\"card-header\">\n      <a class=\"collapsed card-link\" data-toggle=\"collapse\" href=\"#collapseOne\">\n        Full Alphabetical List (38 modules)\n      <\/a>\n    <\/div>\n    <div id=\"collapseOne\" class=\"collapse\" data-parent=\"#accordion\">\n      <div class=\"card-body\">\n        <p><a href=\"https:\/\/sites.library.ualberta.ca\/copyright\/modules\/access-copyright-v-york\/\">Access Copyright v. York (14 min 29 s)<\/a><\/p>\n<p><a href=\"https:\/\/sites.library.ualberta.ca\/copyright\/modules\/alberta-education-v-access-copyright\/\">Alberta (Education) v. Access Copyright (7 min 42 s)<\/a><\/p>\n<p><a href=\"https:\/\/sites.library.ualberta.ca\/copyright\/applying-fair-dealing\/\">Applying Fair Dealing (10 min 22 s)<\/a><\/p>\n<p><a href=\"https:\/\/sites.library.ualberta.ca\/copyright\/modules\/asking-permission-and-transactional-licences\/\">Asking Permission and Transactional Licences (5 min 50 s)<\/a><\/p>\n<p><a href=\"https:\/\/sites.library.ualberta.ca\/copyright\/modules\/berne-and-trips-agreements\/\">Berne and TRIPS Agreements (9 min 19 s)<\/a><\/p>\n<p><a href=\"https:\/\/sites.library.ualberta.ca\/copyright\/modules\/cch-v-lsuc\/\">CCH v. LSUC (10 min 31 s)<\/a><\/p>\n<p><a href=\"https:\/\/sites.library.ualberta.ca\/copyright\/modules\/collective-licensing-agencies-and-the-copyright-board\/\">Collective Licensing Agencies and the Copyright Board (10 min 10 s)<\/a><\/p>\n<p><a href=\"https:\/\/sites.library.ualberta.ca\/copyright\/modules\/section-3-copyright-in-works\/\">Copyright Act, Section 3: Copyright in Works (8 min 50 s)<\/a><\/p>\n<p><a href=\"https:\/\/sites.library.ualberta.ca\/copyright\/modules\/section-13\/\">Copyright Act, Section 13: Ownership of Copyright (6 min 49 s)<\/a><\/p>\n<p><a href=\"https:\/\/sites.library.ualberta.ca\/copyright\/modules\/section-29-fair-dealing\/\">Copyright Act, Section 29: Fair Dealing (6 min 24 s)<\/a><\/p>\n<p><a href=\"https:\/\/sites.library.ualberta.ca\/copyright\/educational-institution-exceptions\/\">Copyright Act, Sections 29.4 \u2013 30.03: Educational Institution Exceptions (8 min 31 s)<\/a><\/p>\n<p><a href=\"https:\/\/sites.library.ualberta.ca\/copyright\/s-41-technological-protection-measures\/\">Copyright Act, Section 41: Technological Protection Measures (7 min 45 s)<\/a><\/p>\n<p><a href=\"https:\/\/sites.library.ualberta.ca\/copyright\/modules\/copyright-in-the-k-12-context\/\">Copyright in the K-12 Context (7 min 2 s)<\/a><\/p><p>&#8212; <a href=\"https:\/\/sites.library.ualberta.ca\/copyright\/le-droit-dauteur-dans-le-contexte-m-12\/\">Le droit d\u2019auteur dans le contexte M-12 (9 min 17 s)<\/a><\/p>\n<p><a href=\"https:\/\/sites.library.ualberta.ca\/copyright\/modules\/creating-and-sharing-copyright-protected-materials-in-the-k-12-context\/\">Creating and Sharing Copyright-Protected Materials in the K-12 Context (7 min 15 s)<\/a><\/p>\n<p>&#8212; <a href=\"https:\/\/sites.library.ualberta.ca\/copyright\/la-creation-et-le-partage-de-materiel-protege-par-le-droit-dauteur-dans-le-contexte-de-la-m-12\/\">La cr\u00e9ation et le partage de mat\u00e9riel prot\u00e9g\u00e9 par le droit d&#8217;auteur dans le contexte de la M-12 (9 min 14 s)<\/a><\/p>\n<p><a href=\"https:\/\/sites.library.ualberta.ca\/copyright\/educational-institutions-policies-and-practices\/\">Educational Institutions\u2019 Policies and Practices (7 min 34 s)<\/a><\/p>\n<p><a href=\"https:\/\/sites.library.ualberta.ca\/copyright\/modules\/finding-open-and-creative-commons-content\/\">Finding Open and Creative Commons Content (6 min 49 s)<\/a><\/p>\n<p><a href=\"https:\/\/sites.library.ualberta.ca\/copyright\/history-of-copyright\/\">History of Copyright (8 min 11 s)<\/a><\/p>\n<p><a href=\"https:\/\/sites.library.ualberta.ca\/copyright\/modules\/images-2\/\">Images (6 min 25 s)<\/a><\/p>\n<p><a href=\"https:\/\/sites.library.ualberta.ca\/copyright\/modules\/including-third-party-content-in-your-work\/\">Including Third-Party Content in Your Work (8 min 26 s)<\/a><\/p>\n<p><a href=\"https:\/\/sites.library.ualberta.ca\/copyright\/modules\/insubstantial-copying\/\">Insubstantial Copying (10 min 47 s)<\/a><\/p>\n<p><a href=\"https:\/\/sites.library.ualberta.ca\/copyright\/modules\/interlibrary-loans-and-controlled-digital-lending\/\">Interlibrary Loan and Controlled Digital Lending (11 min 11 s)<\/a><\/p>\n<p><a href=\"https:\/\/sites.library.ualberta.ca\/copyright\/modules\/introduction-to-copyright\/\">Introduction to Copyright (7 min 54 s)<\/a><\/p><p>&#8212; <a href=\"https:\/\/sites.library.ualberta.ca\/copyright\/introduction-au-droit-dauteur\/\">Introduction au droit d\u2019auteur (9 min 16 s)<\/a><\/p>\n<p><a href=\"https:\/\/sites.library.ualberta.ca\/copyright\/modules\/licensed-library-resources\/\">Licensed Library Resources (6 min 55 s)<\/a><\/p>\n<p><a href=\"https:\/\/sites.library.ualberta.ca\/copyright\/modules\/makerspaces-and-copyright\/\">Makerspaces and Copyright (8 min 41 s)<\/a><\/p>\n<p><a href=\"https:\/\/sites.library.ualberta.ca\/copyright\/modules\/moral-rights\/\">Moral Rights (8 min 2 s)<\/a><\/p>\n<p><a href=\"https:\/\/sites.library.ualberta.ca\/copyright\/modules\/nintendo-v-go-cyber\/\">Nintendo v. Go Cyber (6 min 40 s)<\/a><\/p>\n<p><a href=\"https:\/\/sites.library.ualberta.ca\/copyright\/modules\/open-licensing-and-creative-commons-2\/\">Open Licensing and Creative Commons (6 min 21 s)<\/a><\/p>\n<p><a href=\"https:\/\/sites.library.ualberta.ca\/copyright\/modules\/opening-up-copyright-ouc-an-introduction\/\">Opening Up Copyright (OUC): An Introduction (7 min 41 s)<\/a><\/p>\n<p><a href=\"https:\/\/sites.library.ualberta.ca\/copyright\/modules\/other-types-of-ip\/\">Other Types of IP (6 min 26 s)<\/a><\/p>\n<p><a href=\"https:\/\/sites.library.ualberta.ca\/copyright\/photocopying-at-the-library\/\">Photocopying in the Library (12 min 11 s)<\/a><\/p>\n<p><a href=\"https:\/\/sites.library.ualberta.ca\/copyright\/modules\/public-domain-2\/\">Public Domain (7 min 9 s)<\/a><\/p>\n<p><a href=\"https:\/\/sites.library.ualberta.ca\/copyright\/modules\/publishing-agreements\/\">Publishing Agreements (9 min 28 s)<\/a><\/p>\n\n<p><a href=\"https:\/\/sites.library.ualberta.ca\/copyright\/modules\/socan-v-bell-2\/\">SOCAN v. Bell (8 min 20 s)<\/a><\/p>\n<p><a href=\"https:\/\/sites.library.ualberta.ca\/copyright\/modules\/technological-protection-measures-digital-locks\/\">Technological Protection Measures (Digital Locks) (7 min 16 s)<\/a><\/p>\n<p><a href=\"https:\/\/sites.library.ualberta.ca\/copyright\/modules\/theoretical-foundations-for-copyright\/\">Theoretical Foundations for Copyright (7 min 16 s)<\/a><\/p>\n<p><a href=\"https:\/\/sites.library.ualberta.ca\/copyright\/modules\/working-with-copyright\/\">Working with Copyright (8 min 43 s)<\/a><\/p>\n      <\/div>\n    <\/div>\n  <\/div>\n<\/div>\n\n\n\n<div style=\"height:20px\" aria-hidden=\"true\" class=\"wp-block-spacer\"><\/div>\n\n\n\n<div id=\"accordion2\">\n  <div class=\"card\">\n    <div class=\"card-header\">\n      <a class=\"collapsed card-link\" data-toggle=\"collapse\" href=\"#collapseTwo\">\n        Introductory Modules (4 modules)\n      <\/a>\n    <\/div>\n <div id=\"collapseTwo\" class=\"collapse\" data-parent=\"#accordion2\">\n      <div class=\"card-body\">\n        <p><a href=\"https:\/\/sites.library.ualberta.ca\/copyright\/modules\/opening-up-copyright-ouc-an-introduction\/\">Opening Up Copyright (OUC): An Introduction (7 min 41 s)<\/a><\/p>\n<p><a href=\"https:\/\/sites.library.ualberta.ca\/copyright\/modules\/introduction-to-copyright\/\">Introduction to Copyright (7 min 54 s)<\/a><\/p><p>&#8212; <a href=\"https:\/\/sites.library.ualberta.ca\/copyright\/introduction-au-droit-dauteur\/\">Introduction au droit d\u2019auteur (9 min 16 s)<\/a><\/p>\n<p><a href=\"https:\/\/sites.library.ualberta.ca\/copyright\/modules\/working-with-copyright\/\">Working with Copyright (8 min 43 s)<\/a><\/p>\n      <\/div>\n    <\/div>\n  <\/div>\n\n  <div class=\"card\">\n    <div class=\"card-header\">\n      <a class=\"collapsed card-link\" data-toggle=\"collapse\" href=\"#collapseThree\">\n        Issues (9 modules)\n      <\/a>\n    <\/div>\n    <div id=\"collapseThree\" class=\"collapse\" data-parent=\"#accordion2\">\n      <div class=\"card-body\">\n       <p><a href=\"https:\/\/sites.library.ualberta.ca\/copyright\/modules\/copyright-in-the-k-12-context\/\">Copyright in the K-12 Context (7 min 2 s)<\/a><\/p><p>&#8212; <a href=\"https:\/\/sites.library.ualberta.ca\/copyright\/le-droit-dauteur-dans-le-contexte-m-12\/\">Le droit d\u2019auteur dans le contexte M-12 (9 min 17 s)<\/a><\/p><p><a href=\"https:\/\/sites.library.ualberta.ca\/copyright\/history-of-copyright\/\">History of Copyright (8 min 11 s)<\/a><\/p><p><a href=\"https:\/\/sites.library.ualberta.ca\/copyright\/modules\/images-2\/\">Images (6 min 25 s)<\/a><\/p><p><a href=\"https:\/\/sites.library.ualberta.ca\/copyright\/modules\/including-third-party-content-in-your-work\/\">Including Third-Party Content in Your Work (8 min 26 s)<\/a><\/p><p><a href=\"https:\/\/sites.library.ualberta.ca\/copyright\/modules\/moral-rights\/\">Moral Rights (8 min 2 s)<\/a><\/p><p><a href=\"https:\/\/sites.library.ualberta.ca\/copyright\/modules\/open-licensing-and-creative-commons-2\/\">Open Licensing and Creative Commons (6 min 21 s)<\/a><\/p><p><a href=\"https:\/\/sites.library.ualberta.ca\/copyright\/modules\/other-types-of-ip\/\">Other Types of IP (6 min 26 s)<\/a><\/p><p><a href=\"https:\/\/sites.library.ualberta.ca\/copyright\/modules\/theoretical-foundations-for-copyright\/\">Theoretical Foundations for Copyright (7 min 16 s)<\/a><\/p>\n\n      <\/div>\n    <\/div>\n  <\/div>\n\n  <div class=\"card\">\n    <div class=\"card-header\">\n      <a class=\"collapsed card-link\" data-toggle=\"collapse\" href=\"#collapseFour\">\n        Scenarios (15 modules)\n      <\/a>\n    <\/div>\n    <div id=\"collapseFour\" class=\"collapse\" data-parent=\"#accordion2\">\n      <div class=\"card-body\">\n        <p><a href=\"https:\/\/sites.library.ualberta.ca\/copyright\/applying-fair-dealing\/\">Applying Fair Dealing (10 min 22 s)<\/a><\/p>\n<p><a href=\"https:\/\/sites.library.ualberta.ca\/copyright\/modules\/asking-permission-and-transactional-licences\/\">Asking Permission and Transactional Licences (5 min 50 s)<\/a><\/p>\n<p><a href=\"https:\/\/sites.library.ualberta.ca\/copyright\/modules\/berne-and-trips-agreements\/\">Berne and TRIPS Agreements (9 min 19 s)<\/a><\/p>\n<p><a href=\"https:\/\/sites.library.ualberta.ca\/copyright\/modules\/collective-licensing-agencies-and-the-copyright-board\/\">Collective Licensing Agencies and the Copyright Board (10 min 10 s)<\/a><\/p><p><a href=\"https:\/\/sites.library.ualberta.ca\/copyright\/modules\/creating-and-sharing-copyright-protected-materials-in-the-k-12-context\/\">Creating and Sharing Copyright-Protected Materials in the K-12 Context (7 min 15 s)<\/a><\/p>\n<p>&#8212; <a href=\"https:\/\/sites.library.ualberta.ca\/copyright\/la-creation-et-le-partage-de-materiel-protege-par-le-droit-dauteur-dans-le-contexte-de-la-m-12\/\">La cr\u00e9ation et le partage de mat\u00e9riel prot\u00e9g\u00e9 par le droit d&#8217;auteur dans le contexte de la M-12 (9 min 14 s)<\/a><\/p>\n<p><a href=\"https:\/\/sites.library.ualberta.ca\/copyright\/educational-institutions-policies-and-practices\/\">Educational Institutions\u2019 Policies and Practices (7 min 34 s)<\/a><\/p><p><a href=\"https:\/\/sites.library.ualberta.ca\/copyright\/modules\/finding-open-and-creative-commons-content\/\">Finding Open and Creative Commons Content (6 min 49 s)<\/a><\/p>\n<p><a href=\"https:\/\/sites.library.ualberta.ca\/copyright\/modules\/insubstantial-copying\/\">Insubstantial Copying (10 min 47 s)<\/a><\/p>\n<p><a href=\"https:\/\/sites.library.ualberta.ca\/copyright\/modules\/interlibrary-loans-and-controlled-digital-lending\/\">Interlibrary Loan and Controlled Digital Lending (11 min 11 s)<\/a><\/p><p><a href=\"https:\/\/sites.library.ualberta.ca\/copyright\/modules\/licensed-library-resources\/\">Licensed Library Resources (6 min 55 s)<\/a><\/p><p><a href=\"https:\/\/sites.library.ualberta.ca\/copyright\/modules\/makerspaces-and-copyright\/\">Makerspaces and Copyright (8 min 41 s)<\/a><\/p><p><a href=\"https:\/\/sites.library.ualberta.ca\/copyright\/photocopying-at-the-library\/\">Photocopying in the Library (12 min 11 s)<\/a><\/p><p><a href=\"https:\/\/sites.library.ualberta.ca\/copyright\/modules\/public-domain-2\/\">Public Domain (7 min 9 s)<\/a><\/p><p><a href=\"https:\/\/sites.library.ualberta.ca\/copyright\/modules\/publishing-agreements\/\">Publishing Agreements (9 min 28 s)<\/a><\/p><p><a href=\"https:\/\/sites.library.ualberta.ca\/copyright\/modules\/technological-protection-measures-digital-locks\/\">Technological Protection Measures (Digital Locks) (7 min 16 s)<\/a><\/p>\n      <\/div>\n    <\/div>\n  <\/div>\n\n  <div class=\"card\">\n    <div class=\"card-header\">\n      <a class=\"collapsed card-link\" data-toggle=\"collapse\" href=\"#collapseFive\">\n        Jurisprudence (5 modules)\n      <\/a>\n    <\/div>\n    <div id=\"collapseFive\" class=\"collapse\" data-parent=\"#accordion2\">\n      <div class=\"card-body\">\n        <p><a href=\"https:\/\/sites.library.ualberta.ca\/copyright\/modules\/access-copyright-v-york\/\">Access Copyright v. York (14 min 29 s)<\/a><\/p>\n<p><a href=\"https:\/\/sites.library.ualberta.ca\/copyright\/modules\/alberta-education-v-access-copyright\/\">Alberta (Education) v. Access Copyright (7 min 42 s)<\/a><\/p>\n<p><a href=\"https:\/\/sites.library.ualberta.ca\/copyright\/modules\/cch-v-lsuc\/\">CCH v. LSUC (10 min 31 s)<\/a><\/p>\n<p><a href=\"https:\/\/sites.library.ualberta.ca\/copyright\/modules\/nintendo-v-go-cyber\/\">Nintendo v. Go Cyber (6 min 40 s)<\/a><\/p><p><a href=\"https:\/\/sites.library.ualberta.ca\/copyright\/modules\/socan-v-bell-2\/\">SOCAN v. Bell (8 min 20 s)<\/a><\/p>\n      <\/div>\n    <\/div>\n  <\/div>\n <div class=\"card\">\n    <div class=\"card-header\">\n      <a class=\"collapsed card-link\" data-toggle=\"collapse\" href=\"#collapseSix\">\n        Legislation (5 modules)\n      <\/a>\n    <\/div>\n    <div id=\"collapseSix\" class=\"collapse\" data-parent=\"#accordion2\">\n      <div class=\"card-body\">        \n<p><a href=\"https:\/\/sites.library.ualberta.ca\/copyright\/modules\/section-3-copyright-in-works\/\">Copyright Act, Section 3: Copyright in Works (8 min 50 s)<\/a><\/p>\n<p><a href=\"https:\/\/sites.library.ualberta.ca\/copyright\/modules\/section-13\/\">Copyright Act, Section 13: Ownership of Copyright (6 min 49 s)<\/a><\/p>\n<p><a href=\"https:\/\/sites.library.ualberta.ca\/copyright\/modules\/section-29-fair-dealing\/\">Copyright Act, Section 29: Fair Dealing (6 min 24 s)<\/a><\/p>\n<p><a href=\"https:\/\/sites.library.ualberta.ca\/copyright\/educational-institution-exceptions\/\">Copyright Act, Sections 29.4 \u2013 30.03: Educational Institution Exceptions (8 min 31 s)<\/a><\/p>\n<p><a href=\"https:\/\/sites.library.ualberta.ca\/copyright\/s-41-technological-protection-measures\/\">Copyright Act, Section 41: Technological Protection Measures (7 min 45 s)<\/a><\/p>\n      <\/div>\n    <\/div>\n  <\/div>\n<\/div>\n\n\n\n<div style=\"height:20px\" aria-hidden=\"true\" class=\"wp-block-spacer\"><\/div>\n\n\n\n<div id=\"accordion3\">\n<div class=\"card\">\n    <div class=\"card-header\">\n      <a class=\"collapsed card-link\" data-toggle=\"collapse\" href=\"#collapseSeven\">\n        K-12 Context (2 modules)\n      <\/a>\n    <\/div>\n    <div id=\"collapseSeven\" class=\"collapse\" data-parent=\"#accordion3\">\n      <div class=\"card-body\">\n        <p><a href=\"https:\/\/sites.library.ualberta.ca\/copyright\/modules\/copyright-in-the-k-12-context\/\">Copyright in the K-12 Context (7 min 2 s)<\/a><\/p>\n<p><a href=\"https:\/\/sites.library.ualberta.ca\/copyright\/modules\/creating-and-sharing-copyright-protected-materials-in-the-k-12-context\/\">Creating and Sharing Copyright-Protected Materials in the K-12 Context (7 min 15 s)<\/a><\/p>\n      <\/div>\n    <\/div>\n  <\/div>\n\n <div class=\"card\">\n    <div class=\"card-header\">\n      <a class=\"collapsed card-link\" data-toggle=\"collapse\" href=\"#collapseEight\">\n        En fran\u00e7ais (3 modules)\n      <\/a>\n    <\/div>\n    <div id=\"collapseEight\" class=\"collapse\" data-parent=\"#accordion3\">\n      <div class=\"card-body\">\n        <p><a href=\"https:\/\/sites.library.ualberta.ca\/copyright\/introduction-au-droit-dauteur\/\">Introduction au droit d\u2019auteur (9 min 16 s)<\/a><\/p>\n<p><a href=\"https:\/\/sites.library.ualberta.ca\/copyright\/le-droit-dauteur-dans-le-contexte-m-12\/\">Le droit d\u2019auteur dans le contexte M-12 (9 min 17 s)<\/a><\/p>\n<p><a href=\"https:\/\/sites.library.ualberta.ca\/copyright\/la-creation-et-le-partage-de-materiel-protege-par-le-droit-dauteur-dans-le-contexte-de-la-m-12\/\">La cr\u00e9ation et le partage de mat\u00e9riel prot\u00e9g\u00e9 par le droit d&#8217;auteur dans le contexte de la M-12 (9 min 14 s)<\/a><\/p>\n      <\/div>\n    <\/div>\n  <\/div>\n<div class=\"card\">\n    <div class=\"card-header\">\n      <a class=\"collapsed card-link\" data-toggle=\"collapse\" href=\"#collapseNine\">\n        &#9733; New in 2025\n      <\/a>\n    <\/div>\n    <div id=\"collapseNine\" class=\"collapse\" data-parent=\"#accordion3\">\n      <div class=\"card-body\">\n        <p><a href=\"https:\/\/sites.library.ualberta.ca\/copyright\/modules\/insubstantial-copying\/\">Insubstantial Copying (10 min 47 s)<\/a><\/p>\n      <\/div>\n    <\/div>\n  <\/div>\n<\/div>\n<\/div>\n\n\n\n<div class=\"wp-block-column is-layout-flow wp-block-column-is-layout-flow\">\n<p>The Opening Up Copyright (OUC) module series is made available by the University of Alberta Copyright Office.<\/p>\n\n\n\n<p>OUC modules have been produced with the assistance of funding at the University of Alberta through its Centre for Teaching and Learning\u2019s <em>Teaching and Learning Enhancement Fund<\/em> (TLEF)(2017-21) and <em>OER Grant Program<\/em> (2020), and through a <em>Support for the Advancement of Scholarship<\/em> (SAS) grant (2021).<\/p>\n<\/div>\n<\/div>\n\n\n\n<p>For an overview of the series, see the <a href=\"https:\/\/sites.library.ualberta.ca\/copyright\/about\/\">About page<\/a>. To leave feedback regarding any modules or to tell us how OUC modules are being used, please contact us at <a href=\"mailto:ouc@ualberta.ca\">ouc@ualberta.ca<\/a>.<\/p>\n\n\n\n<p>The OUC team has prepared a number of related presentations and journal articles.&nbsp;Find out more on our <a href=\"https:\/\/sites.library.ualberta.ca\/copyright\/scholarly-contributions\/\">Scholarly Contributions page<\/a>.<\/p>\n\n\n\n<p>These instructional modules are not intended as legal&nbsp;advice.&nbsp;All OUC modules are made available&nbsp;under a&nbsp;<a href=\"https:\/\/creativecommons.org\/licenses\/by\/4.0\/legalcode\" target=\"_blank\" rel=\"noreferrer noopener\">Creative Commons Attribution 4.0 (CC BY 4.0) International license<\/a>.<\/p>\n\n\n\n<p><\/p>\n","protected":false},"excerpt":{"rendered":"<p>These Opening Up Copyright (OUC) Instructional Modules are open educational resources. If you are new to OUC, please see our module OUC: An Introduction, and if you are interested in introductory modules, try Introduction to Copyright and Working with Copyright.&nbsp; Modules Full Alphabetical List (38 modules) Access Copyright v. York (14 min 29 s) Alberta [&hellip;]<\/p>\n","protected":false},"author":2,"featured_media":0,"parent":0,"menu_order":0,"comment_status":"closed","ping_status":"open","template":"fullwidth.php","meta":{"footnotes":""},"class_list":["post-2","page","type-page","status-publish","hentry"],"_links":{"self":[{"href":"https:\/\/sites.library.ualberta.ca\/copyright\/wp-json\/wp\/v2\/pages\/2","targetHints":{"allow":["GET"]}}],"collection":[{"href":"https:\/\/sites.library.ualberta.ca\/copyright\/wp-json\/wp\/v2\/pages"}],"about":[{"href":"https:\/\/sites.library.ualberta.ca\/copyright\/wp-json\/wp\/v2\/types\/page"}],"author":[{"embeddable":true,"href":"https:\/\/sites.library.ualberta.ca\/copyright\/wp-json\/wp\/v2\/users\/2"}],"replies":[{"embeddable":true,"href":"https:\/\/sites.library.ualberta.ca\/copyright\/wp-json\/wp\/v2\/comments?post=2"}],"version-history":[{"count":37,"href":"https:\/\/sites.library.ualberta.ca\/copyright\/wp-json\/wp\/v2\/pages\/2\/revisions"}],"predecessor-version":[{"id":1193,"href":"https:\/\/sites.library.ualberta.ca\/copyright\/wp-json\/wp\/v2\/pages\/2\/revisions\/1193"}],"wp:attachment":[{"href":"https:\/\/sites.library.ualberta.ca\/copyright\/wp-json\/wp\/v2\/media?parent=2"}],"curies":[{"name":"wp","href":"https:\/\/api.w.org\/{rel}","templated":true}]}}