{"id":674,"date":"2023-08-18T14:47:38","date_gmt":"2023-08-18T21:47:38","guid":{"rendered":"https:\/\/sites.library.ualberta.ca\/copyright\/?page_id=674"},"modified":"2025-05-16T08:44:40","modified_gmt":"2025-05-16T15:44:40","slug":"introduction-au-droit-dauteur","status":"publish","type":"page","link":"https:\/\/sites.library.ualberta.ca\/copyright\/modules\/introduction-au-droit-dauteur\/","title":{"rendered":"Introduction au droit d\u2019auteur"},"content":{"rendered":"\n<div class=\"h5p-iframe-wrapper\"><iframe id=\"h5p-iframe-57\" class=\"h5p-iframe\" data-content-id=\"57\" style=\"height:1px\" src=\"about:blank\" frameBorder=\"0\" scrolling=\"no\" title=\"Introduction au droit d&#039;auteur\"><\/iframe><\/div>\n\n\n\n<p><\/p>\n\n\n\n<p><strong>T\u00e9l\u00e9charger : <a href=\"https:\/\/docs.google.com\/document\/d\/1TfMw2OJ-jZqHG2yzQ5k8B11ddjy1AqyI9QtxDBc4Dnk\/edit?usp=sharing\">Transcription<\/a> | <a href=\"https:\/\/docs.google.com\/presentation\/d\/1pVHxTTbI099ligzoxcL8qT_xR2kDX0NW\/edit?usp=sharing&amp;ouid=108797573849397111861&amp;rtpof=true&amp;sd=true\" data-type=\"link\" data-id=\"https:\/\/docs.google.com\/presentation\/d\/1pVHxTTbI099ligzoxcL8qT_xR2kDX0NW\/edit?usp=sharing&amp;ouid=108797573849397111861&amp;rtpof=true&amp;sd=true\">Diapositives PowerPoint<\/a><\/strong><\/p>\n\n\n\n<p>Ce module d\u2019enseignement d\u2019Ouverture au droit d&#8217;auteur (ODA) est une ressource \u00e9ducative libre (REL). Les \u00e9l\u00e9ments qui composent le module comprennent la vid\u00e9o, la transcription, les diapositives PowerPoint et le H5P. Les fichiers n\u00e9cessaires pour reproduire et \u00e9diter, modifier ou adapter ce module sont <a href=\"https:\/\/doi.org\/10.7939\/r3-xrck-p633\" target=\"_blank\" rel=\"noreferrer noopener\">disponibles pour t\u00e9l\u00e9chargement dans ERA<\/a>. Les fichiers dans ERA comprennent la version originale et chacune des versions mises \u00e0 jour. La version actuelle de ce module est la v2 (2025).<\/p>\n\n\n\n<p><strong><a href=\"mailto:ouc@ualberta.ca\" data-type=\"mailto\" data-id=\"mailto:ouc@ualberta.ca\">Donnez votre avis sur ce module<\/a><\/strong><\/p>\n\n\n\n<p>Ce module \u00e9ducatif n&#8217;est pas destin\u00e9 \u00e0 fournir des conseils juridiques. Tous les modules d&#8217;Ouverture au droit d&#8217;auteur sont mis \u00e0 disposition sous une <a href=\"https:\/\/creativecommons.org\/licenses\/by\/4.0\/legalcode.fr\" data-type=\"URL\" data-id=\"https:\/\/creativecommons.org\/licenses\/by\/4.0\/legalcode.fr\" target=\"_blank\" rel=\"noreferrer noopener\">licence internationale Creative Commons Attribution 4.0 (CC BY 4.0)<\/a>.<\/p>\n\n\n\n<p><\/p>\n","protected":false},"excerpt":{"rendered":"<p>T\u00e9l\u00e9charger : Transcription | Diapositives PowerPoint Ce module d\u2019enseignement d\u2019Ouverture au droit d&#8217;auteur (ODA) est une ressource \u00e9ducative libre (REL). Les \u00e9l\u00e9ments qui composent le module comprennent la vid\u00e9o, la transcription, les diapositives PowerPoint et le H5P. Les fichiers n\u00e9cessaires pour reproduire et \u00e9diter, modifier ou adapter ce module sont disponibles pour t\u00e9l\u00e9chargement dans ERA. [&hellip;]<\/p>\n","protected":false},"author":89,"featured_media":0,"parent":49,"menu_order":0,"comment_status":"closed","ping_status":"closed","template":"","meta":{"footnotes":""},"class_list":["post-674","page","type-page","status-publish","hentry"],"_links":{"self":[{"href":"https:\/\/sites.library.ualberta.ca\/copyright\/wp-json\/wp\/v2\/pages\/674","targetHints":{"allow":["GET"]}}],"collection":[{"href":"https:\/\/sites.library.ualberta.ca\/copyright\/wp-json\/wp\/v2\/pages"}],"about":[{"href":"https:\/\/sites.library.ualberta.ca\/copyright\/wp-json\/wp\/v2\/types\/page"}],"author":[{"embeddable":true,"href":"https:\/\/sites.library.ualberta.ca\/copyright\/wp-json\/wp\/v2\/users\/89"}],"replies":[{"embeddable":true,"href":"https:\/\/sites.library.ualberta.ca\/copyright\/wp-json\/wp\/v2\/comments?post=674"}],"version-history":[{"count":9,"href":"https:\/\/sites.library.ualberta.ca\/copyright\/wp-json\/wp\/v2\/pages\/674\/revisions"}],"predecessor-version":[{"id":1119,"href":"https:\/\/sites.library.ualberta.ca\/copyright\/wp-json\/wp\/v2\/pages\/674\/revisions\/1119"}],"up":[{"embeddable":true,"href":"https:\/\/sites.library.ualberta.ca\/copyright\/wp-json\/wp\/v2\/pages\/49"}],"wp:attachment":[{"href":"https:\/\/sites.library.ualberta.ca\/copyright\/wp-json\/wp\/v2\/media?parent=674"}],"curies":[{"name":"wp","href":"https:\/\/api.w.org\/{rel}","templated":true}]}}