{"id":1367,"date":"2020-03-24T18:45:18","date_gmt":"2020-03-24T18:45:18","guid":{"rendered":"https:\/\/sites.library.ualberta.ca\/news\/?page_id=1367"},"modified":"2021-05-25T17:05:57","modified_gmt":"2021-05-25T17:05:57","slug":"third-place","status":"publish","type":"page","link":"https:\/\/sites.library.ualberta.ca\/ior-2020\/winners\/third-place","title":{"rendered":"Matilda Lewis with a hand-made birch bark canoe"},"content":{"rendered":"\n<h4 class=\"wp-block-heading\"><\/h4>\n\n\n\n<h5 class=\"wp-block-heading\" id=\"block-13750905-e22d-4323-b6ed-0743eaebf9bb\">Award: Third Prize Prize, Images of Research Competition 2020<\/h5>\n\n\n\n<div class=\"wp-block-columns is-layout-flex wp-container-core-columns-is-layout-28f84493 wp-block-columns-is-layout-flex\">\n<div class=\"wp-block-column is-layout-flow wp-block-column-is-layout-flow\">\n<figure class=\"wp-block-image size-large\"><a href=\"https:\/\/sites.library.ualberta.ca\/ior-2020\/wp-content\/uploads\/sites\/4\/2020\/03\/IMG_0005-Kyle-Napier-1-1024x682.jpg\"><img loading=\"lazy\" decoding=\"async\" width=\"1024\" height=\"682\" src=\"https:\/\/sites.library.ualberta.ca\/ior-2020\/wp-content\/uploads\/sites\/4\/2020\/03\/IMG_0005-Kyle-Napier-1-1024x682.jpg\" alt=\"\" class=\"wp-image-1837\" srcset=\"https:\/\/sites.library.ualberta.ca\/ior-2020\/wp-content\/uploads\/sites\/4\/2020\/03\/IMG_0005-Kyle-Napier-1-1024x682.jpg 1024w, https:\/\/sites.library.ualberta.ca\/ior-2020\/wp-content\/uploads\/sites\/4\/2020\/03\/IMG_0005-Kyle-Napier-1-300x200.jpg 300w, https:\/\/sites.library.ualberta.ca\/ior-2020\/wp-content\/uploads\/sites\/4\/2020\/03\/IMG_0005-Kyle-Napier-1-768x512.jpg 768w, https:\/\/sites.library.ualberta.ca\/ior-2020\/wp-content\/uploads\/sites\/4\/2020\/03\/IMG_0005-Kyle-Napier-1-1536x1024.jpg 1536w, https:\/\/sites.library.ualberta.ca\/ior-2020\/wp-content\/uploads\/sites\/4\/2020\/03\/IMG_0005-Kyle-Napier-1.jpg 2000w\" sizes=\"auto, (max-width: 1024px) 100vw, 1024px\" \/><\/a><\/figure>\n<\/div>\n\n\n\n<div class=\"wp-block-column is-layout-flow wp-block-column-is-layout-flow\">\n<div class=\"wp-block-image\"><figure class=\"aligncenter size-large is-resized\"><a href=\"https:\/\/www2.library.ualberta.ca\/2015assets\/ior\/KNapier_Images_of_Research.mp4\"><img loading=\"lazy\" decoding=\"async\" src=\"https:\/\/www2.library.ualberta.ca\/2015assets\/ior\/KNapier_Images_of_Research.jpg\" alt=\"\" width=\"320\" height=\"175\"\/><\/a><\/figure><\/div>\n\n\n\n<figure class=\"wp-block-table\"><table><tbody><tr><td>Submitted by:<\/td><td>Kyle Napier<\/td><\/tr><tr><td>Collaborators:<\/td><td>Matilda Lewis<\/td><\/tr><tr><td><\/td><td>Kevin Lewis<\/td><\/tr><tr><td>Department:<\/td><td>Extension<\/td><\/tr><tr><td>Faculty:<\/td><td>Extension<\/td><\/tr><\/tbody><\/table><\/figure>\n\n\n\n<blockquote class=\"wp-block-quote is-style-default is-layout-flow wp-block-quote-is-layout-flow\"><p>Dr. Lana Whiskeyjack, n\u00eahiyaw scholar, is conducting the Reconnecting to the Spirit of Language research project. The work involves holding dialogue circles to discuss n\u00eahiyaw\u00eawin (Cree language) revitalization. Dr. Kevin Lewis, n\u00eahiyaw scholar, is the founder and coordinator of k\u00e2niy\u00e2sihk \u2014 a series of accrediting year-round on-the-land n\u00eahiyaw\u00eawin immersion camps held in Ministikwan, Saskatchewan. Those at k\u00e2niy\u00e2sihk recently built a traditional birch bark canoe, which has been taken out on the nearby lake.  We held a dialogue circle at k\u00e2niy\u00e2sihk, and used a small model of the hand-held birch bark canoe as a speaking tool. The holder of the small birch bark canoe is the person whose turn it is to speak. This photo features the hands of Matilda Lewis, who is the mother of Dr. Kevin Lewis, holding a mini-birch bark canoe during a dialogue circle in which we discussed effective n\u00eahiyaw\u00eawin language revitalization methodologies in n\u00eahiyaw\u00eawin.  Dr. Lana Whiskeyjack hired MACT student Kyle Napier, a fellow n\u00eahiyaw scholar, as a graduate research assistant to assist with this project. He is trained in journalism, but now works at the convergence of digital technologies and Indigenous language revitalization. He took this photo of Matilda Lewis\u2019 hands while recording the dialogue circle.   <\/p><\/blockquote>\n<\/div>\n<\/div>\n\n\n\n<p><\/p>\n","protected":false},"excerpt":{"rendered":"<p>Award: Third Prize Prize, Images of Research Competition 2020 Submitted by: Kyle Napier Collaborators: Matilda Lewis Kevin Lewis Department: Extension Faculty: Extension Dr. Lana Whiskeyjack, n\u00eahiyaw scholar, is conducting the Reconnecting to the Spirit of Language research project. The work involves holding dialogue circles to discuss n\u00eahiyaw\u00eawin (Cree language) revitalization. Dr. Kevin Lewis, n\u00eahiyaw scholar, [&hellip;]<\/p>\n","protected":false},"author":3,"featured_media":0,"parent":1358,"menu_order":0,"comment_status":"closed","ping_status":"closed","template":"","meta":{"site-sidebar-layout":"default","site-content-layout":"default","ast-site-content-layout":"default","site-content-style":"default","site-sidebar-style":"default","ast-global-header-display":"","ast-banner-title-visibility":"","ast-main-header-display":"disabled","ast-hfb-above-header-display":"","ast-hfb-below-header-display":"","ast-hfb-mobile-header-display":"","site-post-title":"","ast-breadcrumbs-content":"","ast-featured-img":"","footer-sml-layout":"","ast-disable-related-posts":"","theme-transparent-header-meta":"default","adv-header-id-meta":"","stick-header-meta":"","header-above-stick-meta":"","header-main-stick-meta":"","header-below-stick-meta":"","astra-migrate-meta-layouts":"default","ast-page-background-enabled":"default","ast-page-background-meta":{"desktop":{"background-color":"","background-image":"","background-repeat":"repeat","background-position":"center center","background-size":"auto","background-attachment":"scroll","background-type":"","background-media":"","overlay-type":"","overlay-color":"","overlay-opacity":"","overlay-gradient":""},"tablet":{"background-color":"","background-image":"","background-repeat":"repeat","background-position":"center center","background-size":"auto","background-attachment":"scroll","background-type":"","background-media":"","overlay-type":"","overlay-color":"","overlay-opacity":"","overlay-gradient":""},"mobile":{"background-color":"","background-image":"","background-repeat":"repeat","background-position":"center center","background-size":"auto","background-attachment":"scroll","background-type":"","background-media":"","overlay-type":"","overlay-color":"","overlay-opacity":"","overlay-gradient":""}},"ast-content-background-meta":{"desktop":{"background-color":"var(--ast-global-color-5)","background-image":"","background-repeat":"repeat","background-position":"center center","background-size":"auto","background-attachment":"scroll","background-type":"","background-media":"","overlay-type":"","overlay-color":"","overlay-opacity":"","overlay-gradient":""},"tablet":{"background-color":"var(--ast-global-color-5)","background-image":"","background-repeat":"repeat","background-position":"center center","background-size":"auto","background-attachment":"scroll","background-type":"","background-media":"","overlay-type":"","overlay-color":"","overlay-opacity":"","overlay-gradient":""},"mobile":{"background-color":"var(--ast-global-color-5)","background-image":"","background-repeat":"repeat","background-position":"center center","background-size":"auto","background-attachment":"scroll","background-type":"","background-media":"","overlay-type":"","overlay-color":"","overlay-opacity":"","overlay-gradient":""}},"footnotes":""},"class_list":["post-1367","page","type-page","status-publish","hentry"],"_links":{"self":[{"href":"https:\/\/sites.library.ualberta.ca\/ior-2020\/wp-json\/wp\/v2\/pages\/1367","targetHints":{"allow":["GET"]}}],"collection":[{"href":"https:\/\/sites.library.ualberta.ca\/ior-2020\/wp-json\/wp\/v2\/pages"}],"about":[{"href":"https:\/\/sites.library.ualberta.ca\/ior-2020\/wp-json\/wp\/v2\/types\/page"}],"author":[{"embeddable":true,"href":"https:\/\/sites.library.ualberta.ca\/ior-2020\/wp-json\/wp\/v2\/users\/3"}],"replies":[{"embeddable":true,"href":"https:\/\/sites.library.ualberta.ca\/ior-2020\/wp-json\/wp\/v2\/comments?post=1367"}],"version-history":[{"count":19,"href":"https:\/\/sites.library.ualberta.ca\/ior-2020\/wp-json\/wp\/v2\/pages\/1367\/revisions"}],"predecessor-version":[{"id":3140,"href":"https:\/\/sites.library.ualberta.ca\/ior-2020\/wp-json\/wp\/v2\/pages\/1367\/revisions\/3140"}],"up":[{"embeddable":true,"href":"https:\/\/sites.library.ualberta.ca\/ior-2020\/wp-json\/wp\/v2\/pages\/1358"}],"wp:attachment":[{"href":"https:\/\/sites.library.ualberta.ca\/ior-2020\/wp-json\/wp\/v2\/media?parent=1367"}],"curies":[{"name":"wp","href":"https:\/\/api.w.org\/{rel}","templated":true}]}}