{"id":2803,"date":"2021-05-18T15:37:25","date_gmt":"2021-05-18T15:37:25","guid":{"rendered":"https:\/\/sites.library.ualberta.ca\/ior-2020\/?page_id=2803"},"modified":"2021-05-26T17:55:54","modified_gmt":"2021-05-26T17:55:54","slug":"meaningful-physical-education","status":"publish","type":"page","link":"https:\/\/sites.library.ualberta.ca\/ior-2020\/northern-relations\/2019-2\/meaningful-physical-education","title":{"rendered":"Steps Towards Meaningful Physical Education"},"content":{"rendered":"\n<div class=\"wp-block-columns is-layout-flex wp-container-core-columns-is-layout-28f84493 wp-block-columns-is-layout-flex\">\n<div class=\"wp-block-column is-layout-flow wp-block-column-is-layout-flow\" style=\"flex-basis:25%\">\n<figure class=\"wp-block-image size-large is-resized\"><a href=\"https:\/\/sites.library.ualberta.ca\/ior-2020\/\"><img loading=\"lazy\" decoding=\"async\" src=\"https:\/\/sites.library.ualberta.ca\/ior-2020\/wp-content\/uploads\/sites\/4\/2021\/05\/cropped-2019-IOR-web-page-header-5.jpg\" alt=\"\" class=\"wp-image-2957\" width=\"250\" height=\"85\" srcset=\"https:\/\/sites.library.ualberta.ca\/ior-2020\/wp-content\/uploads\/sites\/4\/2021\/05\/cropped-2019-IOR-web-page-header-5.jpg 1000w, https:\/\/sites.library.ualberta.ca\/ior-2020\/wp-content\/uploads\/sites\/4\/2021\/05\/cropped-2019-IOR-web-page-header-5-300x102.jpg 300w, https:\/\/sites.library.ualberta.ca\/ior-2020\/wp-content\/uploads\/sites\/4\/2021\/05\/cropped-2019-IOR-web-page-header-5-768x261.jpg 768w\" sizes=\"auto, (max-width: 250px) 100vw, 250px\" \/><\/a><\/figure>\n<\/div>\n\n\n\n<div class=\"wp-block-column is-layout-flow wp-block-column-is-layout-flow\" style=\"flex-basis:50%\">\n<p><\/p>\n\n\n\n<h1 class=\"has-text-align-center wp-block-heading\"><span class=\"has-inline-color has-black-color\"><strong><a href=\"https:\/\/sites.library.ualberta.ca\/ior-2020\/northern-relations\">NORTHERN PERSPECTIVES<\/a><\/strong><\/span><\/h1>\n\n\n\n<p><\/p>\n\n\n\n<p><\/p>\n<\/div>\n\n\n\n<div class=\"wp-block-column is-layout-flow wp-block-column-is-layout-flow\" style=\"flex-basis:25%\">\n<figure class=\"wp-block-image size-large\"><a href=\"https:\/\/congress2021.ca\/\"><img loading=\"lazy\" decoding=\"async\" width=\"1024\" height=\"397\" src=\"https:\/\/sites.library.ualberta.ca\/ior-2020\/wp-content\/uploads\/sites\/4\/2021\/05\/Congress_2021_Logo_1C_Black_Horizontal_English_Dates_and_Location_Rev-1024x397.png\" alt=\"congress black logo english\" class=\"wp-image-2925\" srcset=\"https:\/\/sites.library.ualberta.ca\/ior-2020\/wp-content\/uploads\/sites\/4\/2021\/05\/Congress_2021_Logo_1C_Black_Horizontal_English_Dates_and_Location_Rev-1024x397.png 1024w, https:\/\/sites.library.ualberta.ca\/ior-2020\/wp-content\/uploads\/sites\/4\/2021\/05\/Congress_2021_Logo_1C_Black_Horizontal_English_Dates_and_Location_Rev-300x116.png 300w, https:\/\/sites.library.ualberta.ca\/ior-2020\/wp-content\/uploads\/sites\/4\/2021\/05\/Congress_2021_Logo_1C_Black_Horizontal_English_Dates_and_Location_Rev-768x298.png 768w, https:\/\/sites.library.ualberta.ca\/ior-2020\/wp-content\/uploads\/sites\/4\/2021\/05\/Congress_2021_Logo_1C_Black_Horizontal_English_Dates_and_Location_Rev-1536x596.png 1536w, https:\/\/sites.library.ualberta.ca\/ior-2020\/wp-content\/uploads\/sites\/4\/2021\/05\/Congress_2021_Logo_1C_Black_Horizontal_English_Dates_and_Location_Rev.png 1760w\" sizes=\"auto, (max-width: 1024px) 100vw, 1024px\" \/><\/a><\/figure>\n<\/div>\n<\/div>\n\n\n\n<div class=\"wp-block-columns is-layout-flex wp-container-core-columns-is-layout-28f84493 wp-block-columns-is-layout-flex\">\n<div class=\"wp-block-column is-layout-flow wp-block-column-is-layout-flow\">\n<div class=\"wp-block-buttons is-layout-flex wp-block-buttons-is-layout-flex\">\n<div class=\"wp-block-button has-custom-width wp-block-button__width-100\"><a class=\"wp-block-button__link has-black-color has-cyan-bluish-gray-background-color has-text-color has-background\" href=\"https:\/\/sites.library.ualberta.ca\/ior-2020\/northern-relations\/2016-2\"><strong>2016<\/strong><\/a><\/div>\n<\/div>\n<\/div>\n\n\n\n<div class=\"wp-block-column is-layout-flow wp-block-column-is-layout-flow\">\n<div class=\"wp-block-buttons is-layout-flex wp-block-buttons-is-layout-flex\">\n<div class=\"wp-block-button has-custom-width wp-block-button__width-100\"><a class=\"wp-block-button__link has-black-color has-cyan-bluish-gray-background-color has-text-color has-background\" href=\"https:\/\/sites.library.ualberta.ca\/ior-2020\/northern-relations\/2017-2\"><strong>2017<\/strong><\/a><\/div>\n<\/div>\n<\/div>\n\n\n\n<div class=\"wp-block-column is-layout-flow wp-block-column-is-layout-flow\">\n<div class=\"wp-block-buttons is-layout-flex wp-block-buttons-is-layout-flex\">\n<div class=\"wp-block-button has-custom-width wp-block-button__width-100\"><a class=\"wp-block-button__link has-black-color has-cyan-bluish-gray-background-color has-text-color has-background\" href=\"https:\/\/sites.library.ualberta.ca\/ior-2020\/northern-relations\/2018-2\"><strong>2018<\/strong><\/a><\/div>\n<\/div>\n<\/div>\n\n\n\n<div class=\"wp-block-column is-layout-flow wp-block-column-is-layout-flow\">\n<div class=\"wp-block-buttons is-layout-flex wp-block-buttons-is-layout-flex\">\n<div class=\"wp-block-button has-custom-width wp-block-button__width-100\"><a class=\"wp-block-button__link has-black-color has-cyan-bluish-gray-background-color has-text-color has-background\" href=\"https:\/\/sites.library.ualberta.ca\/ior-2020\/northern-relations\/2019-2\"><strong>2019<\/strong><\/a><\/div>\n<\/div>\n<\/div>\n\n\n\n<div class=\"wp-block-column is-layout-flow wp-block-column-is-layout-flow\">\n<div class=\"wp-block-buttons is-layout-flex wp-block-buttons-is-layout-flex\">\n<div class=\"wp-block-button has-custom-width wp-block-button__width-100\"><a class=\"wp-block-button__link has-black-color has-cyan-bluish-gray-background-color has-text-color has-background\" href=\"https:\/\/sites.library.ualberta.ca\/ior-2020\/northern-relations\/northern-relations-2020\"><strong>2020<\/strong><\/a><\/div>\n<\/div>\n<\/div>\n\n\n\n<div class=\"wp-block-column is-layout-flow wp-block-column-is-layout-flow\">\n<div class=\"wp-block-buttons is-layout-flex wp-block-buttons-is-layout-flex\">\n<div class=\"wp-block-button has-custom-width wp-block-button__width-100\"><a class=\"wp-block-button__link has-black-color has-cyan-bluish-gray-background-color has-text-color has-background\" href=\"https:\/\/sites.library.ualberta.ca\/ior-2020\/northern-relations\/2021-3\"><strong>2021<\/strong><\/a><\/div>\n<\/div>\n<\/div>\n<\/div>\n\n\n\n<h1 class=\"wp-block-heading\"><em>Steps Towards Meaningful Physical Education<\/em><\/h1>\n\n\n\n<h5 class=\"wp-block-heading\">&nbsp;Award: Second Prize, Images of Research Competition 2019<\/h5>\n\n\n\n<div class=\"wp-block-columns is-layout-flex wp-container-core-columns-is-layout-28f84493 wp-block-columns-is-layout-flex\">\n<div class=\"wp-block-column is-layout-flow wp-block-column-is-layout-flow\">\n<figure class=\"wp-block-image size-large\"><a href=\"https:\/\/sites.library.ualberta.ca\/ior-2020\/wp-content\/uploads\/sites\/4\/2021\/05\/Steps-Towards-Meaning-Physical-Education.jpg\" target=\"_blank\" rel=\"https:\/\/sites.library.ualberta.ca\/ior-2020\/wp-content\/uploads\/sites\/4\/2021\/05\/Steps-Towards-Meaning-Physical-Education.jpg noopener\"><img decoding=\"async\" src=\"https:\/\/sites.library.ualberta.ca\/ior-2020\/wp-content\/uploads\/sites\/4\/2021\/05\/Steps-Towards-Meaning-Physical-Education.jpg\" alt=\"A cold polar bear breath\"\/><\/a><\/figure>\n<\/div>\n\n\n\n<div class=\"wp-block-column is-layout-flow wp-block-column-is-layout-flow\">\n<figure class=\"wp-block-table\"><table><tbody><tr><td>Submitted by:<\/td><td>Jodi Harding-Kuriger<\/td><\/tr><tr><td>Faculty\/Department:<\/td><td>Elementary Education<\/td><\/tr><tr><td>Place of creation:<\/td><td>Family farm in Evansburg, AB<\/td><\/tr><\/tbody><\/table><\/figure>\n\n\n\n<blockquote class=\"wp-block-quote is-style-default is-layout-flow wp-block-quote-is-layout-flow\"><p>These snowshoes were made by my Dad and Grandpa Fern. First steps: build a snowshoe form, steam lengths of straight pliable wood, bend it over the form to shape the shoes, rivet ends together, remove shoes from the form and allow to dry. Second steps: cut moose rawhide strips, once frame has dried, weave the rawhide through all the predrilled holes in the frame to create the webbing of the snowshoes. Third steps: attach the leather harnesses to the snowshoes. Research is ceremony because it is life changing and it requires preparatory steps long before the final event (Wilson, 2008). First steps: using the Meaningful Physical Education (MPE) approach (Beni, Fletcher, &amp; N\u00ed Chr\u00f3in\u00edn, 2017; N\u00ed Chr\u00f3in\u00edn, Fletcher, &amp; Griffin, 2018), piece together flexible lesson plans using experiences that are enjoyable, challenging, communal, personal, and improve abilities. Second steps: weave student choices, culture, context, and community into the plans. Third steps: Reflect on teachers\u2019 and students\u2019 physical education experiences in all environments: air, water, land, snow &amp; ice. Harness physical education to life long love and joy for physical activity.&nbsp;<\/p><\/blockquote>\n\n\n\n<p><\/p>\n\n\n\n<p><!--EndFragment--><\/p>\n<\/div>\n<\/div>\n\n\n\n<p><\/p>\n","protected":false},"excerpt":{"rendered":"<p>NORTHERN PERSPECTIVES Steps Towards Meaningful Physical Education &nbsp;Award: Second Prize, Images of Research Competition 2019 Submitted by: Jodi Harding-Kuriger Faculty\/Department: Elementary Education Place of creation: Family farm in Evansburg, AB These snowshoes were made by my Dad and Grandpa Fern. First steps: build a snowshoe form, steam lengths of straight pliable wood, bend it over [&hellip;]<\/p>\n","protected":false},"author":3,"featured_media":0,"parent":2870,"menu_order":0,"comment_status":"closed","ping_status":"closed","template":"","meta":{"site-sidebar-layout":"default","site-content-layout":"default","ast-site-content-layout":"default","site-content-style":"default","site-sidebar-style":"default","ast-global-header-display":"","ast-banner-title-visibility":"","ast-main-header-display":"disabled","ast-hfb-above-header-display":"","ast-hfb-below-header-display":"","ast-hfb-mobile-header-display":"","site-post-title":"disabled","ast-breadcrumbs-content":"","ast-featured-img":"","footer-sml-layout":"","ast-disable-related-posts":"","theme-transparent-header-meta":"default","adv-header-id-meta":"","stick-header-meta":"","header-above-stick-meta":"","header-main-stick-meta":"","header-below-stick-meta":"","astra-migrate-meta-layouts":"default","ast-page-background-enabled":"default","ast-page-background-meta":{"desktop":{"background-color":"","background-image":"","background-repeat":"repeat","background-position":"center center","background-size":"auto","background-attachment":"scroll","background-type":"","background-media":"","overlay-type":"","overlay-color":"","overlay-opacity":"","overlay-gradient":""},"tablet":{"background-color":"","background-image":"","background-repeat":"repeat","background-position":"center center","background-size":"auto","background-attachment":"scroll","background-type":"","background-media":"","overlay-type":"","overlay-color":"","overlay-opacity":"","overlay-gradient":""},"mobile":{"background-color":"","background-image":"","background-repeat":"repeat","background-position":"center center","background-size":"auto","background-attachment":"scroll","background-type":"","background-media":"","overlay-type":"","overlay-color":"","overlay-opacity":"","overlay-gradient":""}},"ast-content-background-meta":{"desktop":{"background-color":"var(--ast-global-color-5)","background-image":"","background-repeat":"repeat","background-position":"center center","background-size":"auto","background-attachment":"scroll","background-type":"","background-media":"","overlay-type":"","overlay-color":"","overlay-opacity":"","overlay-gradient":""},"tablet":{"background-color":"var(--ast-global-color-5)","background-image":"","background-repeat":"repeat","background-position":"center center","background-size":"auto","background-attachment":"scroll","background-type":"","background-media":"","overlay-type":"","overlay-color":"","overlay-opacity":"","overlay-gradient":""},"mobile":{"background-color":"var(--ast-global-color-5)","background-image":"","background-repeat":"repeat","background-position":"center center","background-size":"auto","background-attachment":"scroll","background-type":"","background-media":"","overlay-type":"","overlay-color":"","overlay-opacity":"","overlay-gradient":""}},"footnotes":""},"class_list":["post-2803","page","type-page","status-publish","hentry"],"_links":{"self":[{"href":"https:\/\/sites.library.ualberta.ca\/ior-2020\/wp-json\/wp\/v2\/pages\/2803","targetHints":{"allow":["GET"]}}],"collection":[{"href":"https:\/\/sites.library.ualberta.ca\/ior-2020\/wp-json\/wp\/v2\/pages"}],"about":[{"href":"https:\/\/sites.library.ualberta.ca\/ior-2020\/wp-json\/wp\/v2\/types\/page"}],"author":[{"embeddable":true,"href":"https:\/\/sites.library.ualberta.ca\/ior-2020\/wp-json\/wp\/v2\/users\/3"}],"replies":[{"embeddable":true,"href":"https:\/\/sites.library.ualberta.ca\/ior-2020\/wp-json\/wp\/v2\/comments?post=2803"}],"version-history":[{"count":5,"href":"https:\/\/sites.library.ualberta.ca\/ior-2020\/wp-json\/wp\/v2\/pages\/2803\/revisions"}],"predecessor-version":[{"id":3464,"href":"https:\/\/sites.library.ualberta.ca\/ior-2020\/wp-json\/wp\/v2\/pages\/2803\/revisions\/3464"}],"up":[{"embeddable":true,"href":"https:\/\/sites.library.ualberta.ca\/ior-2020\/wp-json\/wp\/v2\/pages\/2870"}],"wp:attachment":[{"href":"https:\/\/sites.library.ualberta.ca\/ior-2020\/wp-json\/wp\/v2\/media?parent=2803"}],"curies":[{"name":"wp","href":"https:\/\/api.w.org\/{rel}","templated":true}]}}