{"id":5481,"date":"2025-05-05T15:19:17","date_gmt":"2025-05-05T21:19:17","guid":{"rendered":"https:\/\/sites.library.ualberta.ca\/ior-2020\/?page_id=5481"},"modified":"2025-05-12T10:41:05","modified_gmt":"2025-05-12T16:41:05","slug":"coming-full-circle-honouring-the-spiritual-element-of-educational-research","status":"publish","type":"page","link":"https:\/\/sites.library.ualberta.ca\/ior-2020\/coming-full-circle-honouring-the-spiritual-element-of-educational-research","title":{"rendered":"Coming Full Circle: Honouring the Spiritual Element of Educational Research"},"content":{"rendered":"\n<h4 class=\"wp-block-heading\">Submission 2025<\/h4>\n\n\n\n<div class=\"wp-block-columns is-layout-flex wp-container-core-columns-is-layout-28f84493 wp-block-columns-is-layout-flex\">\n<div class=\"wp-block-column is-layout-flow wp-block-column-is-layout-flow\">\n<figure class=\"wp-block-image size-large\"><a href=\"https:\/\/sites.library.ualberta.ca\/ior-2020\/wp-content\/uploads\/sites\/4\/2025\/05\/Danielle-Voyageur-Coming-Full-Circle_-Honouring-the-Spiritual-Element-of-Educational-Research.jpeg\"><img loading=\"lazy\" decoding=\"async\" width=\"862\" height=\"1024\" src=\"https:\/\/sites.library.ualberta.ca\/ior-2020\/wp-content\/uploads\/sites\/4\/2025\/05\/Danielle-Voyageur-Coming-Full-Circle_-Honouring-the-Spiritual-Element-of-Educational-Research-862x1024.jpeg\" alt=\"Three Indigenous women in ribbon skirts hold a feather, rattle, and drum, framed by sunlight streaming through a window.\" class=\"wp-image-5575\" srcset=\"https:\/\/sites.library.ualberta.ca\/ior-2020\/wp-content\/uploads\/sites\/4\/2025\/05\/Danielle-Voyageur-Coming-Full-Circle_-Honouring-the-Spiritual-Element-of-Educational-Research-862x1024.jpeg 862w, https:\/\/sites.library.ualberta.ca\/ior-2020\/wp-content\/uploads\/sites\/4\/2025\/05\/Danielle-Voyageur-Coming-Full-Circle_-Honouring-the-Spiritual-Element-of-Educational-Research-252x300.jpeg 252w, https:\/\/sites.library.ualberta.ca\/ior-2020\/wp-content\/uploads\/sites\/4\/2025\/05\/Danielle-Voyageur-Coming-Full-Circle_-Honouring-the-Spiritual-Element-of-Educational-Research-768x913.jpeg 768w, https:\/\/sites.library.ualberta.ca\/ior-2020\/wp-content\/uploads\/sites\/4\/2025\/05\/Danielle-Voyageur-Coming-Full-Circle_-Honouring-the-Spiritual-Element-of-Educational-Research.jpeg 1077w\" sizes=\"auto, (max-width: 862px) 100vw, 862px\" \/><\/a><\/figure>\n<\/div>\n\n\n\n<div class=\"wp-block-column is-layout-flow wp-block-column-is-layout-flow\">\n<figure class=\"wp-block-table\"><table><tbody><tr><td>Submitted by:<\/td><td>Danielle Voyageur<\/td><\/tr><tr><td>Additional Collaborators:<\/td><td>Crystal Wood, Educational Policy Studies<br>Andrea Cardinal, Educational Policy Studies<\/td><\/tr><tr><td>Department:<\/td><td>Educational Policy Studies<\/td><\/tr><tr><td>Faculty:<\/td><td>Education<\/td><\/tr><\/tbody><\/table><\/figure>\n\n\n\n<div style=\"height:15px\" aria-hidden=\"true\" class=\"wp-block-spacer\"><\/div>\n\n\n\n<p>This research image captures the journey of three First Nation doctoral students and Education 211 instructors who continue to tend to the spiritual element of Indigenous education and research. Their heartfelt research discussions delve into the complexities of community and belonging. Their lived experiences as Sixties Scoop Survivors profoundly shape their identity reclamation and journeys as Thrivers today. Participants share stories rooted in Indigenous Research Methodologies, like visiting and memory work. These narratives embody s\u00e2kihitowin (love), arising from the co-creation of a supportive community. With a feather, rattle and drum in hand, they stand tall and proud in their ribbon skirts, poised to champion Indigenous education and research for the future generations, firmly rooted in Indigenous ways of being and knowing. Their collaborative efforts signal the inroads envisioned and crafted by D\u00ebnesulin\u00e9, Denendeh, and N\u00eahiyaw doctoral students at the University of Alberta, who reside on honoured Treaty 6 Territory.<\/p>\n\n\n\n<p><em>Was your image created using Generative AI?<\/em><br>No.<\/p>\n\n\n\n<p><em>How was your image created?<\/em><br>In an office that once belonged to a Wabanaki scholar and activist in the Indigenous Peoples\u2019 Education field, the smell of sage, a sacred medicine, fills the room. Each ceremonial item, the feather, rattle and drum, is smudged. A tripod with an iPhone is set up on the desk and is positioned to capture all three participants, who stand together holding their ceremonial items. As they take pictures at a 10-second interval, laughter fills the air.It was quite a culmination to an eventful week in the field.<\/p>\n\n\n\n<p><em>Where is the image located?<\/em><br>The 7th Floor of the University of Alberta Education Building.<\/p>\n<\/div>\n<\/div>\n\n\n\n<p><\/p>\n","protected":false},"excerpt":{"rendered":"<p>Submission 2025 Submitted by: Danielle Voyageur Additional Collaborators: Crystal Wood, Educational Policy StudiesAndrea Cardinal, Educational Policy Studies Department: Educational Policy Studies Faculty: Education This research image captures the journey of three First Nation doctoral students and Education 211 instructors who continue to tend to the spiritual element of Indigenous education and research. Their heartfelt research [&hellip;]<\/p>\n","protected":false},"author":93,"featured_media":0,"parent":0,"menu_order":0,"comment_status":"closed","ping_status":"closed","template":"","meta":{"site-sidebar-layout":"default","site-content-layout":"","ast-site-content-layout":"default","site-content-style":"default","site-sidebar-style":"default","ast-global-header-display":"","ast-banner-title-visibility":"","ast-main-header-display":"","ast-hfb-above-header-display":"","ast-hfb-below-header-display":"","ast-hfb-mobile-header-display":"","site-post-title":"","ast-breadcrumbs-content":"","ast-featured-img":"","footer-sml-layout":"","ast-disable-related-posts":"","theme-transparent-header-meta":"","adv-header-id-meta":"","stick-header-meta":"","header-above-stick-meta":"","header-main-stick-meta":"","header-below-stick-meta":"","astra-migrate-meta-layouts":"default","ast-page-background-enabled":"default","ast-page-background-meta":{"desktop":{"background-color":"","background-image":"","background-repeat":"repeat","background-position":"center center","background-size":"auto","background-attachment":"scroll","background-type":"","background-media":"","overlay-type":"","overlay-color":"","overlay-opacity":"","overlay-gradient":""},"tablet":{"background-color":"","background-image":"","background-repeat":"repeat","background-position":"center center","background-size":"auto","background-attachment":"scroll","background-type":"","background-media":"","overlay-type":"","overlay-color":"","overlay-opacity":"","overlay-gradient":""},"mobile":{"background-color":"","background-image":"","background-repeat":"repeat","background-position":"center center","background-size":"auto","background-attachment":"scroll","background-type":"","background-media":"","overlay-type":"","overlay-color":"","overlay-opacity":"","overlay-gradient":""}},"ast-content-background-meta":{"desktop":{"background-color":"var(--ast-global-color-5)","background-image":"","background-repeat":"repeat","background-position":"center center","background-size":"auto","background-attachment":"scroll","background-type":"","background-media":"","overlay-type":"","overlay-color":"","overlay-opacity":"","overlay-gradient":""},"tablet":{"background-color":"var(--ast-global-color-5)","background-image":"","background-repeat":"repeat","background-position":"center center","background-size":"auto","background-attachment":"scroll","background-type":"","background-media":"","overlay-type":"","overlay-color":"","overlay-opacity":"","overlay-gradient":""},"mobile":{"background-color":"var(--ast-global-color-5)","background-image":"","background-repeat":"repeat","background-position":"center center","background-size":"auto","background-attachment":"scroll","background-type":"","background-media":"","overlay-type":"","overlay-color":"","overlay-opacity":"","overlay-gradient":""}},"footnotes":""},"class_list":["post-5481","page","type-page","status-publish","hentry"],"_links":{"self":[{"href":"https:\/\/sites.library.ualberta.ca\/ior-2020\/wp-json\/wp\/v2\/pages\/5481","targetHints":{"allow":["GET"]}}],"collection":[{"href":"https:\/\/sites.library.ualberta.ca\/ior-2020\/wp-json\/wp\/v2\/pages"}],"about":[{"href":"https:\/\/sites.library.ualberta.ca\/ior-2020\/wp-json\/wp\/v2\/types\/page"}],"author":[{"embeddable":true,"href":"https:\/\/sites.library.ualberta.ca\/ior-2020\/wp-json\/wp\/v2\/users\/93"}],"replies":[{"embeddable":true,"href":"https:\/\/sites.library.ualberta.ca\/ior-2020\/wp-json\/wp\/v2\/comments?post=5481"}],"version-history":[{"count":2,"href":"https:\/\/sites.library.ualberta.ca\/ior-2020\/wp-json\/wp\/v2\/pages\/5481\/revisions"}],"predecessor-version":[{"id":5727,"href":"https:\/\/sites.library.ualberta.ca\/ior-2020\/wp-json\/wp\/v2\/pages\/5481\/revisions\/5727"}],"wp:attachment":[{"href":"https:\/\/sites.library.ualberta.ca\/ior-2020\/wp-json\/wp\/v2\/media?parent=5481"}],"curies":[{"name":"wp","href":"https:\/\/api.w.org\/{rel}","templated":true}]}}